{"id":92,"date":"2012-09-17T21:55:53","date_gmt":"2012-09-17T19:55:53","guid":{"rendered":"http:\/\/zrenner-wolkenstein.de\/?page_id=92"},"modified":"2012-09-20T10:38:15","modified_gmt":"2012-09-20T08:38:15","slug":"photographer","status":"publish","type":"page","link":"http:\/\/zrenner-wolkenstein.de\/?page_id=92","title":{"rendered":"\u00dcber mich"},"content":{"rendered":"<p>Eigentlich bin ich ja Musiker. Und sollte es nach der g\u00e4ngigen Meinung gehen, so sollte das ja auch reichen.<\/p>\n<p>Doch \u201ezwei Seelen\u00a0 wohnen ach! In meiner Brust\u201c und so macht es mir einfach schon immer Freude, jenseits des Kontrabasses auch mit den Augen Dinge zu komponieren.<\/p>\n<p>Im Grunde begann das schon als Kind (so liest man ja in jeder Fotografen-Biographie). Ich kann mich noch gut an die magischen Momente in der Dunkelkammer erinnern, wenn ich beobachtete, wie im Entwicklerbad langsam die Kontraste auf dem badenden Papier zunahmen und es sich zeigte, ob alle Vor\u00fcberlegungen zum Bild nun zum \u00e4sthetischen Erfolg f\u00fchren sollten.\u00a0 Und im Grunde ist es doch immer noch so. Die Technik hat sich ge\u00e4ndert, doch die magischen Momente in der Fotografie bleiben.<\/p>\n<p>&nbsp;<\/p>\n<p>Seit sechs Jahren betreibe ich die Fotografie nun im Studio. Anfangs mit den allernotwendigsten Mitteln in einem feuchten, niedrigen Kellerraum \u2013 inzwischen weitaus angenehmer mit entsprechend verbesserter technischen Ausstattung in angenehmeren Ambiente.<\/p>\n<p>Der Schwerpunkt meiner Arbeit liegt dabei im Fotografieren von Menschen. Durch meine \u201eErstberufung\u201c als Musiker sind diese Menschen meisten K\u00fcnstler oder Musiker.<\/p>\n<p>Also kann man mich wohl \u201eMusikerInnen-Portrait-Fotograf\u201c nennen. In diesem Genre f\u00fchle ich mich eben wohl!<\/p>\n<p>&nbsp;<\/p>\n<p>Ich bin kein ausgebildeter Fotograf sondern zu einem grossen Teil Autodidakt. Das hat Vor- und Nachteile, gewiss. Den gr\u00f6ssten Vorteil sehe ich dabei darin, mir immer zur Bew\u00e4ltigung von fotografischen Aufgaben ganz eigene, oft unorthodoxe aber eben auch sehr interessante und einzigartige \u00a0Wege zum Ziel suchen zu m\u00fcssen. Der gr\u00f6sste Nachteil ist wohl, dass das auch oft schief geht.<\/p>\n<p>So halte ich mich frech an Freeman Patterson:<\/p>\n<p>&nbsp;<\/p>\n<p align=\"center\"><strong>Es gibt nur eine Regel in der Fotografie : Entwickle niemals einen Film in H\u00fchnchensuppe.<\/strong><\/p>\n","protected":false},"excerpt":{"rendered":"<p>Eigentlich bin ich ja Musiker. Und sollte es nach der g\u00e4ngigen Meinung gehen, so sollte das ja auch reichen. Doch \u201ezwei Seelen\u00a0 wohnen ach! In meiner Brust\u201c und so macht es mir einfach schon immer Freude, jenseits des Kontrabasses auch mit den Augen Dinge zu komponieren. Im Grunde begann das schon als Kind (so liest [&hellip;]<\/p>\n","protected":false},"author":1,"featured_media":0,"parent":22,"menu_order":0,"comment_status":"open","ping_status":"open","template":"","meta":[],"_links":{"self":[{"href":"http:\/\/zrenner-wolkenstein.de\/index.php?rest_route=\/wp\/v2\/pages\/92"}],"collection":[{"href":"http:\/\/zrenner-wolkenstein.de\/index.php?rest_route=\/wp\/v2\/pages"}],"about":[{"href":"http:\/\/zrenner-wolkenstein.de\/index.php?rest_route=\/wp\/v2\/types\/page"}],"author":[{"embeddable":true,"href":"http:\/\/zrenner-wolkenstein.de\/index.php?rest_route=\/wp\/v2\/users\/1"}],"replies":[{"embeddable":true,"href":"http:\/\/zrenner-wolkenstein.de\/index.php?rest_route=%2Fwp%2Fv2%2Fcomments&post=92"}],"version-history":[{"count":7,"href":"http:\/\/zrenner-wolkenstein.de\/index.php?rest_route=\/wp\/v2\/pages\/92\/revisions"}],"predecessor-version":[{"id":245,"href":"http:\/\/zrenner-wolkenstein.de\/index.php?rest_route=\/wp\/v2\/pages\/92\/revisions\/245"}],"up":[{"embeddable":true,"href":"http:\/\/zrenner-wolkenstein.de\/index.php?rest_route=\/wp\/v2\/pages\/22"}],"wp:attachment":[{"href":"http:\/\/zrenner-wolkenstein.de\/index.php?rest_route=%2Fwp%2Fv2%2Fmedia&parent=92"}],"curies":[{"name":"wp","href":"https:\/\/api.w.org\/{rel}","templated":true}]}}