{"id":22,"date":"2012-09-17T12:04:31","date_gmt":"2012-09-17T10:04:31","guid":{"rendered":"http:\/\/zrenner-wolkenstein.de\/?page_id=22"},"modified":"2012-09-20T10:39:21","modified_gmt":"2012-09-20T08:39:21","slug":"studio","status":"publish","type":"page","link":"http:\/\/zrenner-wolkenstein.de\/?page_id=22","title":{"rendered":"about"},"content":{"rendered":"<p>&nbsp;<\/p>\n<div class=\"columns-wrapper\">\n<div class=\"two-columns\">\n<p>\u00dcber mich<\/p>\n<p>Eigentlich bin ich ja Musiker. Und sollte es nach der g\u00e4ngigen Meinung gehen, so sollte das ja auch reichen.<\/p>\n<p>Doch \u201ezwei Seelen\u00a0 wohnen ach! In meiner Brust\u201c und so macht es mir einfach schon immer Freude, jenseits des Kontrabasses auch mit den Augen Dinge zu komponieren.<\/p>\n<p>Im Grunde begann das schon als Kind (so liest man ja in jeder Fotografen-Biographie). Ich kann mich noch gut an die magischen Momente in der Dunkelkammer erinnern, wenn ich beobachtete, wie im Entwicklerbad langsam die Kontraste auf dem badenden Papier zunahmen und es sich zeigte, ob alle Vor\u00fcberlegungen zum Bild nun zum \u00e4sthetischen Erfolg f\u00fchren sollten.\u00a0 Und im Grunde ist es doch immer noch so. Die Technik hat sich ge\u00e4ndert, doch die magischen Momente in der Fotografie bleiben.<\/p>\n<p>&nbsp;<\/p>\n<p>Seit sechs Jahren betreibe ich die Fotografie nun im Studio. Anfangs mit den allernotwendigsten Mitteln in einem feuchten, niedrigen Kellerraum \u2013 inzwischen weitaus angenehmer mit entsprechend verbesserter technischen Ausstattung in angenehmeren Ambiente.<\/p>\n<p>Der Schwerpunkt meiner Arbeit liegt dabei im Fotografieren von Menschen. Durch meine \u201eErstberufung\u201c als Musiker sind diese Menschen meisten K\u00fcnstler oder Musiker.<\/p>\n<p>Also kann man mich wohl \u201eMusikerInnen-Portrait-Fotograf\u201c nennen. In diesem Genre f\u00fchle ich mich eben wohl!<\/p>\n<p>&nbsp;<\/p>\n<p>Ich bin kein ausgebildeter Fotograf sondern zu einem grossen Teil Autodidakt. Das hat Vor- und Nachteile, gewiss. Den gr\u00f6ssten Vorteil sehe ich dabei darin, mir immer zur Bew\u00e4ltigung von fotografischen Aufgaben ganz eigene, oft unorthodoxe aber eben auch sehr interessante und einzigartige \u00a0Wege zum Ziel suchen zu m\u00fcssen. Der gr\u00f6sste Nachteil ist wohl, dass das auch oft schief geht.<\/p>\n<p>So halte ich mich frech an Freeman Patterson:<\/p>\n<p>&nbsp;<\/p>\n<p align=\"center\"><strong>Es gibt nur eine Regel in der Fotografie : Entwickle niemals einen Film in H\u00fchnchensuppe.<\/strong><\/p>\n<\/div>\n<div class=\"two-columns nomargin\">\n<p>Studio<\/p>\n<p><a href=\"http:\/\/zrenner-wolkenstein.de\/wp-content\/uploads\/2012\/09\/DSC9490.jpg\"><img decoding=\"async\" loading=\"lazy\" title=\"SONY DSC\" src=\"http:\/\/zrenner-wolkenstein.de\/wp-content\/uploads\/2012\/09\/DSC9490.jpg\" alt=\"\" width=\"608\" height=\"143\" \/><\/a><\/p>\n<p>Das Loft-Studio befindet sich in Regensburg in einem alten Industriegeb\u00e4ude im I.Stock und bietet neben einem Aufenthaltsraum mit K\u00fcche, Toiletten\/Bad\/Schminkbereich einen grossen Tageslicht-Studioraum mit ca. 50qm und 4 Meter lichter H\u00f6he. Das Studio ist zu 100% abdunkelbar und somit zu jeder Tageszeit nutzbar.<\/p>\n<p>Ein 4 Meter &#8211; Hintergrundsystem mit diversen Tetenal-Rollen erm\u00f6glichen einen schnellen Wechsel des Bildambientes.<a href=\"http:\/\/zrenner-wolkenstein.de\/wp-content\/uploads\/2012\/09\/DSC95001.jpg\"><img decoding=\"async\" loading=\"lazy\" title=\"SONY DSC\" src=\"http:\/\/zrenner-wolkenstein.de\/wp-content\/uploads\/2012\/09\/DSC95001.jpg\" alt=\"\" width=\"608\" height=\"143\" \/><\/a><\/p>\n<p>Als Blitzanlage stehen 7 Blitzk\u00f6pfe von 100Ws bi zu 800Ws zur Verf\u00fcgung. Diverse Lichtformer, Spots, Octagon, Strip-lights, Beauty-dishes etc. erm\u00f6glichen diverse Beleuchtungsvarianten.<\/p>\n<p>Im Rahmen des Tethered-Shootings k\u00f6nnen alle Bilder sofort unmittelbar nach der Aufnahme auf einem Monitor begutachtet werden.<a href=\"http:\/\/zrenner-wolkenstein.de\/wp-content\/uploads\/2012\/09\/DSC9479.jpg\"><img decoding=\"async\" loading=\"lazy\" title=\"SONY DSC\" src=\"http:\/\/zrenner-wolkenstein.de\/wp-content\/uploads\/2012\/09\/DSC9479.jpg\" alt=\"\" width=\"608\" height=\"143\" \/><\/a><\/p>\n<p>Die Bildbearbeitung erfolgt auf Apple-Computern mit eingemessenen farbechten Monitoren.<\/p>\n<p>Als Kamera nutze ich meistens eine SONY-Vollformat ALPHA900 mit 24Mpixel mit SONY G-Objektiven.<\/p>\n<p>Optional arbeite ich mit verschiedenen erfahrenen Hair-Stylisten und Visagistinnen zusammen, die \u00fcber mich gebucht werden k\u00f6nnen.<a href=\"http:\/\/zrenner-wolkenstein.de\/wp-content\/uploads\/2012\/09\/DSC9513.jpg\"><img decoding=\"async\" loading=\"lazy\" title=\"SONY DSC\" src=\"http:\/\/zrenner-wolkenstein.de\/wp-content\/uploads\/2012\/09\/DSC9513.jpg\" alt=\"\" width=\"608\" height=\"143\" \/><\/a><\/p>\n<p>&nbsp;<\/p>\n<p>&nbsp;<\/p>\n<\/div>\n<\/div>\n<p>&nbsp;<\/p>\n","protected":false},"excerpt":{"rendered":"<p>&nbsp; \u00dcber mich Eigentlich bin ich ja Musiker. Und sollte es nach der g\u00e4ngigen Meinung gehen, so sollte das ja auch reichen. Doch \u201ezwei Seelen\u00a0 wohnen ach! In meiner Brust\u201c und so macht es mir einfach schon immer Freude, jenseits des Kontrabasses auch mit den Augen Dinge zu komponieren. Im Grunde begann das schon als [&hellip;]<\/p>\n","protected":false},"author":1,"featured_media":0,"parent":0,"menu_order":0,"comment_status":"open","ping_status":"open","template":"","meta":[],"_links":{"self":[{"href":"http:\/\/zrenner-wolkenstein.de\/index.php?rest_route=\/wp\/v2\/pages\/22"}],"collection":[{"href":"http:\/\/zrenner-wolkenstein.de\/index.php?rest_route=\/wp\/v2\/pages"}],"about":[{"href":"http:\/\/zrenner-wolkenstein.de\/index.php?rest_route=\/wp\/v2\/types\/page"}],"author":[{"embeddable":true,"href":"http:\/\/zrenner-wolkenstein.de\/index.php?rest_route=\/wp\/v2\/users\/1"}],"replies":[{"embeddable":true,"href":"http:\/\/zrenner-wolkenstein.de\/index.php?rest_route=%2Fwp%2Fv2%2Fcomments&post=22"}],"version-history":[{"count":8,"href":"http:\/\/zrenner-wolkenstein.de\/index.php?rest_route=\/wp\/v2\/pages\/22\/revisions"}],"predecessor-version":[{"id":290,"href":"http:\/\/zrenner-wolkenstein.de\/index.php?rest_route=\/wp\/v2\/pages\/22\/revisions\/290"}],"wp:attachment":[{"href":"http:\/\/zrenner-wolkenstein.de\/index.php?rest_route=%2Fwp%2Fv2%2Fmedia&parent=22"}],"curies":[{"name":"wp","href":"https:\/\/api.w.org\/{rel}","templated":true}]}}